{"id":9163,"date":"2021-11-29T12:03:35","date_gmt":"2021-11-29T11:03:35","guid":{"rendered":"https:\/\/inlu-offices.com\/bureaux-privatifs\/"},"modified":"2022-02-23T11:13:55","modified_gmt":"2022-02-23T10:13:55","slug":"private-buros","status":"publish","type":"page","link":"https:\/\/inlu-offices.com\/de\/private-buros\/","title":{"rendered":"Private B\u00fcros"},"content":{"rendered":"<p>[vc_row full_width=&#8220;stretch_row&#8220; full_height=&#8220;yes&#8220; equal_height=&#8220;yes&#8220; content_placement=&#8220;middle&#8220; enable_loading_bg=&#8220;yes&#8220; enable_overlay=&#8220;yes&#8220; css=&#8220;.vc_custom_1641656952483{background: #141f2a url(https:\/\/inlu-offices.com\/wp-content\/uploads\/2022\/01\/bureaux-privatifs-1.jpg?id=8950) !important;background-position: center !important;background-repeat: no-repeat !important;background-size: cover !important;}&#8220; overlay_bg=&#8220;rgba(0, 0, 0, 0.3)&#8220;][vc_column enable_content_animation=&#8220;yes&#8220; ca_init_scale_x=&#8220;1&#8243; ca_init_scale_y=&#8220;1&#8243; ca_init_scale_z=&#8220;1&#8243; ca_init_opacity=&#8220;0&#8243; ca_an_scale_x=&#8220;1&#8243; ca_an_scale_y=&#8220;1&#8243; ca_an_scale_z=&#8220;1&#8243; ca_an_opacity=&#8220;1&#8243; align=&#8220;text-center&#8220; ca_duration=&#8220;1200&#8243; ca_delay=&#8220;150&#8243; ca_init_translate_y=&#8220;60&#8243; ca_init_translate_z=&#8220;-160&#8243; ca_init_rotate_x=&#8220;-84&#8243;]<style>.ld_fancy_heading_69fa2973b7a82 h1{font-size:48px;line-height:1.1em;letter-spacing:-0.4px;color:rgb(255, 255, 255);}.ld_fancy_heading_69fa2973b7a82 h1 {margin-bottom:0.27em !important;  } .ld_fancy_heading_69fa2973b7a82 .lqd-highlight-inner{height:0.275em;bottom:0px;}.ld_fancy_heading_69fa2973b7a82 h1 {margin-bottom:0.27em !important;  } <\/style><div class=\"ld-fancy-heading text-center ld_fancy_heading_69fa2973b7a82\">\n\t<h1 class=\"lqd-highlight-underline lqd-highlight-grow-left\" data-fittext=\"true\" data-fittext-options='{\"compressor\":0.6,\"maxFontSize\":\"48\",\"minFontSize\":\"45\"}' data-split-text=\"true\" data-custom-animations=\"true\" data-ca-options='{\"triggerHandler\":\"inview\",\"animationTarget\":\".lqd-lines .split-inner\",\"duration\":700,\"delay\":100,\"easing\":\"easeOutQuint\",\"direction\":\"forward\",\"initValues\":{\"scale\":1},\"animations\":{\"scale\":1}}' data-split-options='{\"type\":\"lines\"}'><span class=\"ld-fh-txt\"> Private B\u00fcros<\/span><\/h1><\/div><style>.ld_spacer_69fa2973b9248{height:5px;}<\/style>\n<div class=\"ld-empty-space ld_spacer_69fa2973b9248\"><span class=\"liquid_empty_space_inner\"><\/span><\/div><style>.ld_fancy_heading_69fa2973b94cc div{font-size:18px;line-height:1.428em;color:rgb(255, 255, 255);}.ld_fancy_heading_69fa2973b94cc .lqd-highlight-inner{height:0.275em;bottom:0px;}<\/style><div class=\"ld-fancy-heading text-center text-uppercase ld_fancy_heading_69fa2973b94cc\">\n\t<div class=\"lqd-highlight-underline lqd-highlight-grow-left\" data-split-text=\"true\" data-custom-animations=\"true\" data-ca-options='{\"triggerHandler\":\"inview\",\"animationTarget\":\".lqd-lines .split-inner\",\"duration\":700,\"delay\":100,\"easing\":\"easeOutQuint\",\"direction\":\"forward\",\"initValues\":{\"scale\":1},\"animations\":{\"scale\":1}}' data-split-options='{\"type\":\"lines\"}'><span class=\"ld-fh-txt\"> <span class=\"fontnexa\">12 private B\u00fcros mit Platz f\u00fcr 1 bis 4 Arbeitspl\u00e4tze<\/span><\/span><\/div><\/div>[\/vc_column][\/vc_row][vc_row full_width=&#8220;stretch_row&#8220; gap=&#8220;0&#8243; equal_height=&#8220;yes&#8220; css=&#8220;.vc_custom_1641853593925{background-color: #141f2a !important;}&#8220; el_class=&#8220;swap-on-mobile&#8220;][vc_column width=&#8220;5\/12&#8243; css=&#8220;.vc_custom_1642765075726{padding-top: 60px !important;padding-right: 50px !important;padding-left: 10% !important;background-color: #141f2a !important;}&#8220; offset=&#8220;vc_col-lg-6 vc_col-md-6&#8243;][vc_row_inner][vc_column_inner width=&#8220;11\/12&#8243; offset=&#8220;vc_col-lg-9 vc_col-md-9&#8243;][vc_empty_space][vc_column_text]<span class=\"experienceinlu\">Moderne, komplett renovierte und lichtdurchflutete R\u00e4ume mit gro\u00dfen Fenstern mit Blick nach drau\u00dfen, einige mit Terrassenzugang. Jedes B\u00fcro ist ganz nach Ihrem Bedarf eingerichtet, mit hochwertigen M\u00f6beln, Klimaanlage und Teppichboden.<\/span><\/p>\n<p><span class=\"experienceinlu\">Verkabelung und Highspeed-W-LAN. Zu Ihrer Verf\u00fcgung stehen ein Empfang mit Hostess, ein Kaffee- und Lunchbereich, eine ausgestattete K\u00fcche sowie zwei Besprechungsr\u00e4ume, die Sie nach vorheriger Reservierung nutzen k\u00f6nnen.<\/span><\/p>\n<p><span class=\"experienceinlu\">Sicherer Zugang rund um die Uhr.<\/span><br \/>\n<span class=\"experienceinlu\">Parkabonnement auf Anfrage.<\/span>[\/vc_column_text][vc_empty_space]<style>.ld_button_69fa2973ba128.btn-icon-solid .btn-icon{background:#be8c70;}.ld_button_69fa2973ba128.btn-icon-circle.btn-icon-ripple .btn-icon:before{border-color:#be8c70;}.ld_button_69fa2973ba128{background-color:#be8c70;border-color:#be8c70;color:#141f2a;}.ld_button_69fa2973ba128 .btn-gradient-border defs stop:first-child{stop-color:#be8c70;}.ld_button_69fa2973ba128 .btn-gradient-border defs stop:last-child{stop-color:#be8c70;}<\/style><a href=\"https:\/\/inlu-offices.com\/de\/kontakt\/\" title=\"Contact \u2013 Light\" class=\"btn btn-solid round btn-bordered border-thin ld_button_69fa2973ba128\">\n\t<span>\n\t\t\n\t\t\t\t\t<span class=\"btn-txt\">Kontaktieren Sie uns<\/span>\n\t\t\t\n\t\t\t\t<\/span>\n<\/a>\n[\/vc_column_inner][vc_column_inner width=&#8220;1\/12&#8243; css=&#8220;.vc_custom_1642764917166{padding-left: 5% !important;}&#8220; responsive_css=&#8220;padding_left_medium:5%25&#8243; offset=&#8220;vc_col-lg-3 vc_col-md-3 vc_hidden-sm vc_hidden-xs&#8220;][\/vc_column_inner][\/vc_row_inner][\/vc_column][vc_column width=&#8220;1\/2&#8243; css=&#8220;.vc_custom_1642764844143{margin-top: -12% !important;margin-bottom: 10% !important;padding-bottom: 7% !important;background-color: #a8836e !important;}&#8220; responsive_css=&#8220;margin_top_large:-12%25|margin_top_medium:-12%25|margin_top_small:-15%25&#8243; offset=&#8220;vc_col-lg-5 vc_col-md-5&#8243;][vc_column_text css=&#8220;.vc_custom_1645611208953{padding-top: 2% !important;padding-right: 7% !important;padding-bottom: 2% !important;padding-left: 10% !important;background-color: #b78d74 !important;}&#8220;]<\/p>\n<h3><span style=\"line-height: 1.9em; font-size: 25px;\">Ab 1.445 \u20ac netto pro Monat.<\/span><\/h3>\n<p>[\/vc_column_text][vc_empty_space][vc_column_text css=&#8220;.vc_custom_1642426736859{padding-right: 7% !important;padding-left: 10% !important;}&#8220;]<\/p>\n<h4>Service inbegriffen<\/h4>\n<p>[\/vc_column_text][vc_empty_space height=&#8220;12px&#8220;][vc_column_text css=&#8220;.vc_custom_1642426776734{padding-right: 7% !important;padding-left: 10% !important;}&#8220;]<\/p>\n<ul class=\"services1\">\n<li>Neue M\u00f6bel und Design<\/li>\n<li>Telefonanlagen<\/li>\n<li>Sichere IT-Infrastruktur: Datenschutz<\/li>\n<li>Empfang- und Rezeptionsleistungen<\/li>\n<li>Unterhalt, Strom, Heizung und individuell einstellbare Klimaanlage<\/li>\n<li>Stilles oder sprudelndes Wasser nach Belieben<\/li>\n<li>Empfang und Verteilung von Briefen und Paketen<\/li>\n<li>T\u00e4gliche Reinigung der B\u00fcros und Gemeinschaftsr\u00e4ume.<\/li>\n<li>Highspeed-W-LAN<\/li>\n<\/ul>\n<p>[\/vc_column_text][vc_empty_space][vc_column_text css=&#8220;.vc_custom_1642426787454{padding-right: 7% !important;padding-left: 10% !important;}&#8220;]<\/p>\n<h4>Dienstleistungen \u00e0 la carte.<\/h4>\n<p>[\/vc_column_text][vc_empty_space height=&#8220;12px&#8220;][vc_column_text css=&#8220;.vc_custom_1642426814610{padding-right: 7% !important;padding-left: 10% !important;}&#8220;]<\/p>\n<ul class=\"services1\">\n<li>Zus\u00e4tzliche M\u00f6bel<\/li>\n<li>Private Parkpl\u00e4tze<\/li>\n<li>Besprechungsr\u00e4ume<\/li>\n<li>Unterst\u00fctzung bei der Bearbeitung von Briefen und Paketen<\/li>\n<li>Drucken und Scannen<\/li>\n<li>Anbringung Ihres Logos\/Schilds am Geb\u00e4ude<\/li>\n<li>Verpflegungsleistungen<\/li>\n<\/ul>\n<p>[\/vc_column_text][\/vc_column][vc_column width=&#8220;1\/12&#8243; css=&#8220;.vc_custom_1639746170935{background-color: #141f2a !important;}&#8220;][\/vc_column][\/vc_row][vc_row full_width=&#8220;stretch_row&#8220; full_height=&#8220;yes&#8220; columns_placement=&#8220;bottom&#8220; equal_height=&#8220;yes&#8220; content_placement=&#8220;middle&#8220; enable_loading_bg=&#8220;yes&#8220; enable_overlay=&#8220;yes&#8220; css=&#8220;.vc_custom_1643374288573{background: #141f2a url(https:\/\/inlu-offices.com\/wp-content\/uploads\/2022\/01\/bureaux-privatifs-2.jpg?id=8954) !important;background-position: center !important;background-repeat: no-repeat !important;background-size: cover !important;}&#8220; overlay_bg=&#8220;rgba(0, 0, 0, 0.3)&#8220; el_id=&#8220;rangeecontact&#8220;][vc_column enable_content_animation=&#8220;yes&#8220; ca_init_scale_x=&#8220;1&#8243; ca_init_scale_y=&#8220;1&#8243; ca_init_scale_z=&#8220;1&#8243; ca_init_opacity=&#8220;0&#8243; ca_an_scale_x=&#8220;1&#8243; ca_an_scale_y=&#8220;1&#8243; ca_an_scale_z=&#8220;1&#8243; ca_an_opacity=&#8220;1&#8243; align=&#8220;text-center&#8220; ca_duration=&#8220;1200&#8243; ca_delay=&#8220;150&#8243; ca_init_translate_y=&#8220;60&#8243; ca_init_translate_z=&#8220;-160&#8243; ca_init_rotate_x=&#8220;-84&#8243;][vc_row_inner content_placement=&#8220;bottom&#8220; css=&#8220;.vc_custom_1641657638758{padding-top: 20px !important;padding-right: 6% !important;padding-bottom: 20px !important;padding-left: 6% !important;background-color: rgba(190,140,112,0.55) !important;*background-color: rgb(190,140,112) !important;}&#8220;][vc_column_inner][vc_column_text]<\/p>\n<h4 class=\"interesse\">Interessiert? Wir rufen Sie so bald wie m\u00f6glich zur\u00fcck.<\/h4>\n<p>[\/vc_column_text][vc_empty_space height=&#8220;12px&#8220;][vc_column_text el_id=&#8220;textecontact&#8220;]\n<div class=\"wpcf7 no-js\" id=\"wpcf7-f9294-o1\" lang=\"de-DE\" dir=\"ltr\">\n<div class=\"screen-reader-response\"><p role=\"status\" aria-live=\"polite\" aria-atomic=\"true\"><\/p> <ul><\/ul><\/div>\n<form action=\"\/de\/wp-json\/wp\/v2\/pages\/9163#wpcf7-f9294-o1\" method=\"post\" class=\"wpcf7-form init\" aria-label=\"Kontaktformular\" novalidate=\"novalidate\" data-status=\"init\">\n<div style=\"display: none;\">\n<input type=\"hidden\" name=\"_wpcf7\" value=\"9294\" \/>\n<input type=\"hidden\" name=\"_wpcf7_version\" value=\"5.9.3\" \/>\n<input type=\"hidden\" name=\"_wpcf7_locale\" value=\"de_DE\" \/>\n<input type=\"hidden\" name=\"_wpcf7_unit_tag\" value=\"wpcf7-f9294-o1\" \/>\n<input type=\"hidden\" name=\"_wpcf7_container_post\" value=\"0\" \/>\n<input type=\"hidden\" name=\"_wpcf7_posted_data_hash\" value=\"\" \/>\n<input type=\"hidden\" name=\"_wpcf7_recaptcha_response\" value=\"\" \/>\n<\/div>\n<div>\n<\/div>\n<div class=\"vc_col-sm-12022\">\n\t<p><label><span class=\"wpcf7-form-control-wrap\" data-name=\"your-prenom\"><input size=\"40\" class=\"wpcf7-form-control wpcf7-text\" aria-invalid=\"false\" placeholder=\"Vorname\" value=\"\" type=\"text\" name=\"your-prenom\" \/><\/span><\/label>\n\t<\/p>\n<\/div>\n<div class=\"vc_col-sm-12022\">\n\t<p><label><span class=\"wpcf7-form-control-wrap\" data-name=\"your-nom\"><input size=\"40\" class=\"wpcf7-form-control wpcf7-text wpcf7-validates-as-required\" aria-required=\"true\" aria-invalid=\"false\" placeholder=\"Name\" value=\"\" type=\"text\" name=\"your-nom\" \/><\/span><\/label>\n\t<\/p>\n<\/div>\n<div class=\"vc_col-sm-12022\">\n\t<p><label><span class=\"wpcf7-form-control-wrap\" data-name=\"your-email\"><input size=\"40\" class=\"wpcf7-form-control wpcf7-email wpcf7-text wpcf7-validates-as-email\" aria-invalid=\"false\" placeholder=\"E-mail\" value=\"\" type=\"email\" name=\"your-email\" \/><\/span><\/label>\n\t<\/p>\n<\/div>\n<div class=\"vc_col-sm-12022\">\n\t<p><label><span class=\"wpcf7-form-control-wrap\" data-name=\"phonetext-461\"><input size=\"40\" class=\"wpcf7-form-control wpcf7-phonetext wpcf7-text wpcf7-validates-as-phonetext\" aria-invalid=\"false\" placeholder=\"Telefon\" value=\"\" type=\"text\" name=\"phonetext-461\" \/><input type=\"hidden\" name=\"phonetext-461-country-code\" class=\"wpcf7-phonetext-country-code\" \/><\/span><\/label>\n\t<\/p>\n<\/div>\n<div class=\"vc_col-sm-12022\">\n\t<p><label><input class=\"wpcf7-form-control wpcf7-submit has-spinner\" type=\"submit\" value=\"Senden\" \/><\/label>\n\t<\/p>\n<\/div>\n<div>\n<\/div><div class=\"wpcf7-response-output\" aria-hidden=\"true\"><\/div>\n<\/form>\n<\/div>\n[\/vc_column_text][vc_empty_space height=&#8220;12px&#8220;][vc_column_text]<\/p>\n<h4 class=\"interesse appelez\">Kontaktieren Sie mich (+352) 20 35 35 35<\/h4>\n<p>[\/vc_column_text][\/vc_column_inner][\/vc_row_inner][\/vc_column][\/vc_row][vc_row full_width=&#8220;stretch_row&#8220; gap=&#8220;0&#8243; equal_height=&#8220;yes&#8220;][vc_column width=&#8220;1\/2&#8243;][vc_single_image image=&#8220;8943&#8243; img_size=&#8220;full&#8220; css=&#8220;.vc_custom_1641656990452{margin-bottom: 0px !important;}&#8220;][\/vc_column][vc_column width=&#8220;1\/2&#8243;][vc_single_image image=&#8220;8962&#8243; img_size=&#8220;full&#8220; css=&#8220;.vc_custom_1641657005874{margin-bottom: 0px !important;}&#8220;][\/vc_column][\/vc_row]<\/p>\n","protected":false},"excerpt":{"rendered":"<p>[vc_row full_width=&#8220;stretch_row&#8220; full_height=&#8220;yes&#8220; equal_height=&#8220;yes&#8220; content_placement=&#8220;middle&#8220; enable_loading_bg=&#8220;yes&#8220; enable_overlay=&#8220;yes&#8220; css=&#8220;.vc_custom_1641656952483{background: #141f2a url(https:\/\/inlu-offices.com\/wp-content\/uploads\/2022\/01\/bureaux-privatifs-1.jpg?id=8950) !important;background-position: center !important;background-repeat: no-repeat !important;background-size:&#8230;<\/p>\n","protected":false},"author":1,"featured_media":0,"parent":0,"menu_order":0,"comment_status":"closed","ping_status":"closed","template":"","meta":{"_seopress_robots_primary_cat":"","_seopress_titles_title":"Private B\u00fcros - Inlu Offices ","_seopress_titles_desc":"Moderne, komplett renovierte und lichtdurchflutete R\u00e4ume mit gro\u00dfen Fenstern mit Blick nach drau\u00dfen, einige mit Terrassenzugang.","_seopress_robots_index":"","footnotes":""},"_links":{"self":[{"href":"https:\/\/inlu-offices.com\/de\/wp-json\/wp\/v2\/pages\/9163"}],"collection":[{"href":"https:\/\/inlu-offices.com\/de\/wp-json\/wp\/v2\/pages"}],"about":[{"href":"https:\/\/inlu-offices.com\/de\/wp-json\/wp\/v2\/types\/page"}],"author":[{"embeddable":true,"href":"https:\/\/inlu-offices.com\/de\/wp-json\/wp\/v2\/users\/1"}],"replies":[{"embeddable":true,"href":"https:\/\/inlu-offices.com\/de\/wp-json\/wp\/v2\/comments?post=9163"}],"version-history":[{"count":0,"href":"https:\/\/inlu-offices.com\/de\/wp-json\/wp\/v2\/pages\/9163\/revisions"}],"wp:attachment":[{"href":"https:\/\/inlu-offices.com\/de\/wp-json\/wp\/v2\/media?parent=9163"}],"curies":[{"name":"wp","href":"https:\/\/api.w.org\/{rel}","templated":true}]}}