{"id":8580,"date":"2021-12-21T15:14:39","date_gmt":"2021-12-21T14:14:39","guid":{"rendered":"https:\/\/inlu-offices.com\/?page_id=8580"},"modified":"2022-01-17T15:57:33","modified_gmt":"2022-01-17T14:57:33","slug":"mentions-legales-site-internet-informationnel","status":"publish","type":"page","link":"https:\/\/inlu-offices.com\/en\/mentions-legales-site-internet-informationnel\/","title":{"rendered":"Legal notices"},"content":{"rendered":"<p>[vc_row][vc_column][vc_column_text]<\/p>\n<h1>Mentions l\u00e9gales &#8211; Site internet informationnel<\/h1>\n<p>[\/vc_column_text][\/vc_column][\/vc_row][vc_row][vc_column][vc_empty_space][vc_column_text]<strong>Legal notice.<\/strong> This site is published by LUCASLUX SARL, 51 rue de Strasbourg L-2561 Luxembourg (Grand-Duchy of Luxembourg), registered with the Luxembourg Trade and Companies Register (RCS) under number B149762, VAT number LU29270775.[\/vc_column_text][vc_empty_space height=&#8221;12px&#8221;][\/vc_column][\/vc_row][vc_row][vc_column][vc_column_text]<strong>Terms, liability.<\/strong> By connecting and using this site, you agree that any dispute concerning the use of this site is subject to Luxembourg law and is the exclusive jurisdiction of courts of the judicial district of Luxembourg-City.<br \/>\nThis site is only accessible via the internet: you declare being aware of the risks involved with web contents, as well as the need to secure your computer or equipment configuration and adapt your browsing behaviour against such risks. This site may also include links to external websites which are not in our control. We decline any liability for any loss or damage you may suffer, directly or indirectly, in connection with browsing on this site, using the services which it offers, or from accessing any of other websites to which it refers.<br \/>\nWe reserve the right to change, develop or suspend this site at any time and without prior notice, for maintenance or updating purposes or for any other reason.<br \/>\nAlthough we will use our best efforts to ensure that this site contains only accurate information and is secure, we make no representation, and will provide no warranty as to the absence of errors or cyber threats. The information available on this site should not be considered as exhaustive or as a commitment from us.[\/vc_column_text][vc_empty_space height=&#8221;12px&#8221;][\/vc_column][\/vc_row][vc_row][vc_column][vc_column_text]<strong>Cookies.<\/strong> This site may use cookies, which are small text files used to analyse information related to your navigation and preferences, and placed by this site or third parties on your equipment. They contain identifiers allowing us to recognise you at each visit, personalise your experience and create statistics. You can decide whether or not to accept cookies by changing your browser options, and remove all cookies. The use of certain features of this site may be limited or disabled if you do not accept cookies.[\/vc_column_text][vc_empty_space height=&#8221;12px&#8221;][\/vc_column][\/vc_row][vc_row][vc_column][vc_column_text]<strong>Your Privacy.<\/strong> We may collect and process your personal data when you interact with this site, notably if you provide us with your details in the \u2018Contact us\u2019 section of the site. Any such processing will comply with applicable data protection legislations, including the EU General Data Protection Regulation 2016\/679 (or \u2018GDPR\u2019).[\/vc_column_text][vc_empty_space height=&#8221;12px&#8221;][\/vc_column][\/vc_row][vc_row][vc_column][vc_column_text]<strong>Contact.<\/strong> Should you have any questions regarding:<br \/>\nthis site, please contact us at webmaster@inlu-offices.com ;<br \/>\nthe way we process your personal data, please contact us at dpo@inlu-offices.com[\/vc_column_text][vc_empty_space height=&#8221;12px&#8221;][\/vc_column][\/vc_row][vc_row][vc_column][vc_column_text]<strong>Cr\u00e9dit photo.<\/strong> \u00a9Bruno Mazodier[\/vc_column_text][vc_empty_space height=&#8221;12px&#8221;][\/vc_column][\/vc_row]<\/p>\n","protected":false},"excerpt":{"rendered":"<p>[vc_row][vc_column][vc_column_text] Mentions l\u00e9gales &#8211; Site internet informationnel [\/vc_column_text][\/vc_column][\/vc_row][vc_row][vc_column][vc_empty_space][vc_column_text]Legal notice. This site is published by LUCASLUX&#8230;<\/p>\n","protected":false},"author":1,"featured_media":0,"parent":0,"menu_order":0,"comment_status":"closed","ping_status":"closed","template":"","meta":{"_seopress_robots_primary_cat":"","_seopress_titles_title":"Legal notices \u2013 Inlu Offices","_seopress_titles_desc":"Les mentions l\u00e9gales d&#039;Inlu Offices, pour un site internet informationnel, r\u00e9unissent les cookies, les contacts et le cr\u00e9dit photo.\r\n","_seopress_robots_index":"","footnotes":""},"_links":{"self":[{"href":"https:\/\/inlu-offices.com\/en\/wp-json\/wp\/v2\/pages\/8580"}],"collection":[{"href":"https:\/\/inlu-offices.com\/en\/wp-json\/wp\/v2\/pages"}],"about":[{"href":"https:\/\/inlu-offices.com\/en\/wp-json\/wp\/v2\/types\/page"}],"author":[{"embeddable":true,"href":"https:\/\/inlu-offices.com\/en\/wp-json\/wp\/v2\/users\/1"}],"replies":[{"embeddable":true,"href":"https:\/\/inlu-offices.com\/en\/wp-json\/wp\/v2\/comments?post=8580"}],"version-history":[{"count":0,"href":"https:\/\/inlu-offices.com\/en\/wp-json\/wp\/v2\/pages\/8580\/revisions"}],"wp:attachment":[{"href":"https:\/\/inlu-offices.com\/en\/wp-json\/wp\/v2\/media?parent=8580"}],"curies":[{"name":"wp","href":"https:\/\/api.w.org\/{rel}","templated":true}]}}